{"id":436,"date":"2025-05-26T11:59:03","date_gmt":"2025-05-26T10:59:03","guid":{"rendered":"https:\/\/cheteactivafisiosteo.es\/?page_id=436"},"modified":"2025-11-18T14:00:16","modified_gmt":"2025-11-18T13:00:16","slug":"aviso-legal","status":"publish","type":"page","link":"https:\/\/cheteactivafisiosteo.es\/en\/aviso-legal\/","title":{"rendered":"Aviso Legal"},"content":{"rendered":"\t\t<div data-elementor-type=\"wp-page\" data-elementor-id=\"436\" class=\"elementor elementor-436\" data-elementor-post-type=\"page\">\n\t\t\t\t<div class=\"elementor-element elementor-element-216749b9 e-flex e-con-boxed e-con e-parent\" data-id=\"216749b9\" data-element_type=\"container\" data-e-type=\"container\">\n\t\t\t\t\t<div class=\"e-con-inner\">\n\t\t\t\t<div class=\"elementor-element elementor-element-3203b8e5 elementor-widget elementor-widget-text-editor\" data-id=\"3203b8e5\" data-element_type=\"widget\" data-e-type=\"widget\" data-widget_type=\"text-editor.default\">\n\t\t\t\t<div class=\"elementor-widget-container\">\n\t\t\t\t\t\t\t\t\t\n<p><b>Titularidad del sitio web<\/b><\/p>\n<p><span style=\"font-weight: 400;\">En cumplimiento de la Ley 34\/2002, de 11 de julio, de Servicios de la Sociedad de la Informaci\u00f3n y de Comercio Electr\u00f3nico (com\u00fanmente conocida como LSSI-CE), <\/span><b>MAR\u00cdA JOS\u00c9 CUADROS ORTIZ<\/b><span style=\"font-weight: 400;\"> pone en conocimiento de todos los lectores y usuarios que el contenido del dominio <\/span><a href=\"http:\/\/www.cheteactivafisiosteo.es\"><span style=\"font-weight: 400;\">www.cheteactivafisiosteo.es<\/span><\/a><span style=\"font-weight: 400;\"> es responsabilidad de:<\/span><\/p>\n<p><b>MAR\u00cdA JOS\u00c9 CUADROS ORTIZ<\/b><\/p>\n<p><b>Nif. 50624535V\u00a0<\/b><\/p>\n<p><b>Direcci\u00f3n. C\/ Camag\u00fcey, Bloque 2 Bajo 3, 18194 Churriana de la Vega (Granada)<\/b><\/p>\n<p><b>Tlf. 623 96 83 17<\/b><\/p>\n<p><b>Email. <\/b><a href=\"mailto:checuadrosortiz@gmail.com\"><b>checuadrosortiz@gmail.com<\/b><\/a><b>\u00a0<\/b><\/p>\n<p><b>Graduada en Fisioterapia por la Universidad de Sevilla, con n\u00famero de colegiada. 9674<\/b><\/p>\n<p>\u00a0<\/p>\n<p><b>T\u00e9rminos y Condiciones de uso<\/b><\/p>\n<p><span style=\"font-weight: 400;\">El usuario accede voluntariamente a este sitio web. El acceso y navegaci\u00f3n en este sitio web implica aceptar y conocer las advertencias legales, condiciones y t\u00e9rminos de uso contenidos en ella. El mero acceso no implica el establecimiento de ning\u00fan tipo de relaci\u00f3n comercial entre <\/span><b>MAR\u00cdA JOS\u00c9 CUADROS ORTIZ<\/b><span style=\"font-weight: 400;\">, y el usuario del Portal. La informaci\u00f3n suministrada en nuestra p\u00e1gina web tiene como finalidad facilitar el conocimiento por parte de los usuarios de las actividades y de los servicios que presta <\/span><b>MAR\u00cdA JOS\u00c9 CUADROS ORTIZ<\/b><span style=\"font-weight: 400;\">. Este se reserva el derecho de efectuar, en cualquier momento y sin previo aviso, cuantas modificaciones, variaciones, supresiones o cancelaciones en los contenidos y en la forma de presentaci\u00f3n de estos que considere necesarias, ya sea de forma temporal o definitiva, debiendo asegurarse el usuario de utilizar en cada momento la versi\u00f3n actualizada. Esta facultad no otorga a los usuarios ning\u00fan derecho a percibir indemnizaci\u00f3n por da\u00f1os y perjuicios.\u00a0<\/span><\/p>\n<p><span style=\"font-weight: 400;\">Los usuarios deber\u00e1n tener al menos 14 a\u00f1os para poder registrase en la P\u00e1gina Web. No est\u00e1 permitido el uso de cualquiera de los servicios ofrecidos en la P\u00e1gina Web para menores de 14 a\u00f1os sin la autorizaci\u00f3n de sus padres o tutores legales. En caso de detectar el registro de alg\u00fan usuario menor de 14 a\u00f1os, <\/span><b>MAR\u00cdA JOS\u00c9 CUADROS ORTIZ<\/b><span style=\"font-weight: 400;\"> eliminar\u00e1 toda la informaci\u00f3n por \u00e9l aportada, cancelando la cuenta de dicho usuario lo m\u00e1s r\u00e1pido posible. En este sentido, si tiene conocimiento del registro de alg\u00fan usuario menor de 14 a\u00f1os, le rogamos nos lo haga saber a trav\u00e9s de la direcci\u00f3n <\/span><a href=\"mailto:checuadrosortiz@gmail.com\"><span style=\"font-weight: 400;\">checuadrosortiz@gmail.com<\/span><\/a><\/p>\n<p><b>Servicios<\/b><\/p>\n<p><b>MAR\u00cdA JOS\u00c9 CUADROS ORTIZ<\/b><span style=\"font-weight: 400;\"> ofrece determinados servicios a los usuarios, sometidos a los t\u00e9rminos y condiciones indicados en el presente sitio web, debiendo el usuario leer con atenci\u00f3n las condiciones que se apliquen a cada servicio, que en ning\u00fan caso eximir\u00e1, salvo manifestaci\u00f3n expresa en contrario, del cumplimiento de lo expresado en el Aviso Legal.<\/span><\/p>\n<p><b>Contrase\u00f1as<\/b><\/p>\n<p><span style=\"font-weight: 400;\">Si para acceder a algunos de los servicios y\/o contenidos del Sitio Web, se le proporcionara una contrase\u00f1a, se obliga a usarla de manera diligente, manteni\u00e9ndola en todo momento en secreto. El Usuario ser\u00e1 responsable de su adecuada custodia y confidencialidad, comprometi\u00e9ndose a no cederla a terceros, de manera temporal o permanente, ni a permitir el acceso a los mencionados servicios y\/o contenidos por parte de personas ajenas. Igualmente, se obliga a notificar a <\/span><b>MAR\u00cdA JOS\u00c9 CUADROS ORTIZ<\/b><span style=\"font-weight: 400;\"> cualquier hecho que pueda suponer un uso indebido de su contrase\u00f1a, como, a t\u00edtulo enunciativo, su robo, extrav\u00edo o el acceso no autorizado, con el fin de proceder a su inmediata cancelaci\u00f3n. En consecuencia, mientras no efect\u00fae la notificaci\u00f3n anterior, <\/span><b>MAR\u00cdA JOS\u00c9 CUADROS ORTIZ<\/b><span style=\"font-weight: 400;\"> quedar\u00e1 eximida de cualquier responsabilidad que pudiera derivarse del uso indebido de su contrase\u00f1a, siendo de su responsabilidad cualquier utilizaci\u00f3n il\u00edcita de los contenidos y\/o servicios del Sitio Web por cualquier tercero ileg\u00edtimo. Si de manera negligente o dolosa incumpliera cualquiera de las obligaciones establecidas en los presentes t\u00e9rminos y condiciones de uso, responder\u00e1 por todos los da\u00f1os y perjuicios que de dicho incumplimiento pudieran derivarse para <\/span><b>MAR\u00cdA JOS\u00c9 CUADROS ORTIZ<\/b><span style=\"font-weight: 400;\">.<\/span><\/p>\n<h2 class=\"wp-block-heading\">\u00a0<\/h2>\n<p><b>Navegaci\u00f3n<\/b><\/p>\n<p><b>MAR\u00cdA JOS\u00c9 CUADROS ORTIZ<\/b><span style=\"font-weight: 400;\"> realiza los m\u00e1ximos esfuerzos para garantizar que la navegaci\u00f3n a trav\u00e9s de este sitio web se realice en las mejores condiciones.<\/span><\/p>\n<p><b>Exoneraci\u00f3n de responsabilidades<\/b><\/p>\n<ul>\n<li style=\"font-weight: 400;\" aria-level=\"1\"><b>Uso indebido<\/b><\/li>\n<\/ul>\n<p><b>MAR\u00cdA JOS\u00c9 CUADROS ORTIZ<\/b><span style=\"font-weight: 400;\"> no se responsabiliza del mal uso que se realice de los contenidos de su p\u00e1gina web, ni de los da\u00f1os o perjuicios que se deriven del acceso o uso indebido de la informaci\u00f3n de dicha web.<\/span><\/p>\n<ul>\n<li style=\"font-weight: 400;\" aria-level=\"1\"><b>Contenidos de terceros<\/b><\/li>\n<\/ul>\n<p><span style=\"font-weight: 400;\">La web puede contener enlaces de hipertexto hacia otras p\u00e1ginas de la World Wide Web, que son completamente independientes de esta p\u00e1gina web. <\/span><b>MAR\u00cdA JOS\u00c9 CUADROS ORTIZ<\/b><span style=\"font-weight: 400;\"> no se responsabiliza ni garantiza, en modo alguno, la exactitud, insuficiencia o autenticidad de la informaci\u00f3n suministrada por cualquier persona o entidad, f\u00edsica o jur\u00eddica, con o sin personalidad jur\u00eddica propia, a trav\u00e9s de dichos enlaces de hipertexto.<\/span><\/p>\n<ul>\n<li style=\"font-weight: 400;\" aria-level=\"1\"><b>Fallos tecnol\u00f3gicos, ajenos o propios<\/b><\/li>\n<\/ul>\n<p><b>MAR\u00cdA JOS\u00c9 CUADROS ORTIZ<\/b><span style=\"font-weight: 400;\"> no se responsabiliza de los posibles da\u00f1os o perjuicios que se pudieran derivar de interferencias, omisiones, interrupciones, virus inform\u00e1ticos, aver\u00edas telef\u00f3nicas o desconexiones en el funcionamiento operativo del sistema elegido (red telef\u00f3nica, internet, etc.) motivadas por causas ajenas a ella; de retrasos o bloqueos en el uso del sistema elegido causados por deficiencias o sobrecargas de l\u00edneas telef\u00f3nicas o sobrecargas en el Centro de Proceso de Datos, en los servidores de internet o en otros sistemas electr\u00f3nicos, as\u00ed como de da\u00f1os que puedan ser causados por terceras personas mediante intromisiones ileg\u00edtimas en el sistema elegido, fuera del control del propietario. Asimismo, se exonera a <\/span><b>MAR\u00cdA JOS\u00c9 CUADROS ORTIZ<\/b><span style=\"font-weight: 400;\"> de responsabilidad ante cualquier da\u00f1o o perjuicio que pudiera sufrir el usuario como consecuencia de errores, defectos u omisiones en la informaci\u00f3n facilitada, siempre que proceda de fuentes ajenas al mismo.<\/span><\/p>\n<p><b>MAR\u00cdA JOS\u00c9 CUADROS ORTIZ<\/b><span style=\"font-weight: 400;\"> no tiene la obligaci\u00f3n de verificar y no verifica la identidad de los usuarios, ni la veracidad, vigencia, exhaustividad y\/o autenticidad de los datos que los usuarios proporcionan sobre s\u00ed mismos.<\/span><\/p>\n<ul>\n<li style=\"font-weight: 400;\" aria-level=\"1\"><b>Intercambio o difusi\u00f3n de informaci\u00f3n<\/b><\/li>\n<\/ul>\n<p><b>MAR\u00cdA JOS\u00c9 CUADROS ORTIZ<\/b><span style=\"font-weight: 400;\">, declina toda responsabilidad que se derive del intercambio de informaci\u00f3n entre usuarios a trav\u00e9s de su p\u00e1gina web, correspondiendo la responsabilidad de las manifestaciones difundidas en su p\u00e1gina, a quien las efect\u00fae.<\/span><\/p>\n<p><b>Propiedad Intelectual e Industrial<\/b><\/p>\n<p><span style=\"font-weight: 400;\">El Copyright del material contenido en esta web es propiedad de <\/span><b>MAR\u00cdA JOS\u00c9 CUADROS ORTIZ<\/b><span style=\"font-weight: 400;\">. El acceso gratuito no implica otros derechos o licencias para reproducci\u00f3n y\/o distribuci\u00f3n sin la previa autorizaci\u00f3n expresa del propietario. Las marcas, logotipos, dise\u00f1os, contenidos, programas u objetos similares que forman parte de esta web, est\u00e1n protegidos por leyes de propiedad industrial e intelectual y por tratados internacionales. La reproducci\u00f3n, distribuci\u00f3n, manipulaci\u00f3n o desensamblaje no autorizado de los c\u00f3digos fuente, de los algoritmos incorporados o de las bases de datos, ya sea total o parcial, dar\u00e1 lugar a graves penalizaciones tanto civiles como penales y ser\u00e1 objeto de cuantas acciones judiciales correspondan en Derecho.<\/span><\/p>\n<p><b>Pol\u00edtica de Privacidad y Protecci\u00f3n de Datos<\/b><\/p>\n<p><span style=\"font-weight: 400;\">El usuario puede consultar la<\/span><b> POL\u00cdTICA DE PRIVACIDAD <\/b><span style=\"font-weight: 400;\">y <\/span><b>PROTECCI\u00d3N<\/b> <b>DE DATOS<\/b><span style=\"font-weight: 400;\"> en nuestra p\u00e1gina web.<\/span><\/p>\n<p><b>Uso de Cookies y del fichero de actividad<\/b><\/p>\n<p><span style=\"font-weight: 400;\">Esta Web utiliza cookies. Por eso, en cumplimiento de la Ley 34\/2002, de 11 de julio de Servicios de la Sociedad de Informaci\u00f3n y Comercio Electr\u00f3nico, el Reglamento (UE) 2016\/679 del Parlamento Europeo y del Consejo, de 27 de abril de 2016, General de Protecci\u00f3n de Datos (en adelante, RGPD) y la Ley Org\u00e1nica y garant\u00eda de los derechos digitales 3\/2018, de 5 de diciembre, de Protecci\u00f3n de Datos y garant\u00eda de los derechos digitales (en adelante, LOPDGDD), solicitamos tu aprobaci\u00f3n la primera vez que entras en ella.\u00a0<\/span><\/p>\n<p><span style=\"font-weight: 400;\">El usuario puede consultar la <\/span><b>POL\u00cdTICA DE COOKIES<\/b><span style=\"font-weight: 400;\"> en nuestra p\u00e1gina web.<\/span><\/p>\n<p><b>Menores<\/b><\/p>\n<p><span style=\"font-weight: 400;\">Los menores de 14 a\u00f1os no podr\u00e1n usar los servicios disponibles a trav\u00e9s de <\/span><a href=\"http:\/\/www.cheteactivafisiosteo.es\"><span style=\"font-weight: 400;\">www.cheteactivafisiosteo.es<\/span><\/a><span style=\"font-weight: 400;\"> sin la previa autorizaci\u00f3n de sus padres, tutores o representantes legales, quienes ser\u00e1n responsables de todos los actos realizados a trav\u00e9s de <\/span><a href=\"http:\/\/www.cheteactivafisiosteo.es\"><span style=\"font-weight: 400;\">www.cheteactivafisiosteo.es<\/span><\/a><span style=\"font-weight: 400;\"> por los menores a su cargo.<\/span><\/p>\n<p><b>Legislaci\u00f3n aplicable y Tribunales competentes<\/b><\/p>\n<p><span style=\"font-weight: 400;\">Los t\u00e9rminos y condiciones que rigen este sitio web, as\u00ed como las relaciones que pudieran derivarse de \u00e9l, est\u00e1n protegidas y quedan sujetas a la legislaci\u00f3n espa\u00f1ola.<\/span><\/p>\n<p><span style=\"font-weight: 400;\">Para la resoluci\u00f3n de cualquier tipo de controversia, litigio o discrepancia que pudiera suscitarse entre el usuario y <\/span><b>MAR\u00cdA JOS\u00c9 CUADROS ORTIZ<\/b><span style=\"font-weight: 400;\">, por el uso de este sitio web, el usuario, con renuncia expresa a cualquier otro fuero que pudiera corresponderles, se someten expresamente a la aplicaci\u00f3n de la Legislaci\u00f3n Espa\u00f1ola, y a los tribunales que resulten competentes de conformidad con la legislaci\u00f3n aplicable.<\/span><\/p>\n<p><a href=\"http:\/\/www.cheteactivafisiosteo.es\"><span style=\"font-weight: 400;\">www.cheteactivafisiosteo.es<\/span><\/a><span style=\"font-weight: 400;\"> Todos los derechos reservados.\u00a0<\/span><\/p>\n<p><span style=\"font-weight: 400;\">\u00daltima revisi\u00f3n [1] realizada el 14 de noviembre de 2025<\/span><\/p>\n\t\t\t\t\t\t\t\t<\/div>\n\t\t\t\t<\/div>\n\t\t\t\t\t<\/div>\n\t\t\t\t<\/div>\n\t\t\t\t<\/div>\n\t\t","protected":false},"excerpt":{"rendered":"<p>Titularidad del sitio web En cumplimiento de la Ley 34\/2002, de 11 de julio, de Servicios de la Sociedad de [&hellip;]<\/p>\n","protected":false},"author":1,"featured_media":0,"parent":0,"menu_order":0,"comment_status":"closed","ping_status":"closed","template":"","meta":{"site-sidebar-layout":"default","site-content-layout":"","ast-site-content-layout":"default","site-content-style":"default","site-sidebar-style":"default","ast-global-header-display":"","ast-banner-title-visibility":"","ast-main-header-display":"","ast-hfb-above-header-display":"","ast-hfb-below-header-display":"","ast-hfb-mobile-header-display":"","site-post-title":"","ast-breadcrumbs-content":"","ast-featured-img":"","footer-sml-layout":"","ast-disable-related-posts":"","theme-transparent-header-meta":"","adv-header-id-meta":"","stick-header-meta":"","header-above-stick-meta":"","header-main-stick-meta":"","header-below-stick-meta":"","astra-migrate-meta-layouts":"default","ast-page-background-enabled":"default","ast-page-background-meta":{"desktop":{"background-color":"var(--ast-global-color-5)","background-image":"","background-repeat":"repeat","background-position":"center center","background-size":"auto","background-attachment":"scroll","background-type":"","background-media":"","overlay-type":"","overlay-color":"","overlay-opacity":"","overlay-gradient":""},"tablet":{"background-color":"","background-image":"","background-repeat":"repeat","background-position":"center center","background-size":"auto","background-attachment":"scroll","background-type":"","background-media":"","overlay-type":"","overlay-color":"","overlay-opacity":"","overlay-gradient":""},"mobile":{"background-color":"","background-image":"","background-repeat":"repeat","background-position":"center center","background-size":"auto","background-attachment":"scroll","background-type":"","background-media":"","overlay-type":"","overlay-color":"","overlay-opacity":"","overlay-gradient":""}},"ast-content-background-meta":{"desktop":{"background-color":"var(--ast-global-color-4)","background-image":"","background-repeat":"repeat","background-position":"center center","background-size":"auto","background-attachment":"scroll","background-type":"","background-media":"","overlay-type":"","overlay-color":"","overlay-opacity":"","overlay-gradient":""},"tablet":{"background-color":"var(--ast-global-color-4)","background-image":"","background-repeat":"repeat","background-position":"center center","background-size":"auto","background-attachment":"scroll","background-type":"","background-media":"","overlay-type":"","overlay-color":"","overlay-opacity":"","overlay-gradient":""},"mobile":{"background-color":"var(--ast-global-color-4)","background-image":"","background-repeat":"repeat","background-position":"center center","background-size":"auto","background-attachment":"scroll","background-type":"","background-media":"","overlay-type":"","overlay-color":"","overlay-opacity":"","overlay-gradient":""}},"_joinchat":[],"footnotes":""},"class_list":["post-436","page","type-page","status-publish","hentry"],"yoast_head":"<!-- This site is optimized with the Yoast SEO plugin v27.4 - https:\/\/yoast.com\/product\/yoast-seo-wordpress\/ -->\n<title>Aviso Legal - Che Te Activa | Servicio de Fisioterapia y Osteopatia en Granada<\/title>\n<meta name=\"robots\" content=\"index, follow, max-snippet:-1, max-image-preview:large, max-video-preview:-1\" \/>\n<link rel=\"canonical\" href=\"https:\/\/cheteactivafisiosteo.es\/en\/aviso-legal\/\" \/>\n<meta property=\"og:locale\" content=\"en_GB\" \/>\n<meta property=\"og:type\" content=\"article\" \/>\n<meta property=\"og:title\" content=\"Aviso Legal - Che Te Activa | Servicio de Fisioterapia y Osteopatia en Granada\" \/>\n<meta property=\"og:description\" content=\"Titularidad del sitio web En cumplimiento de la Ley 34\/2002, de 11 de julio, de Servicios de la Sociedad de [&hellip;]\" \/>\n<meta property=\"og:url\" content=\"https:\/\/cheteactivafisiosteo.es\/en\/aviso-legal\/\" \/>\n<meta property=\"og:site_name\" content=\"Che Te Activa | Servicio de Fisioterapia y Osteopatia en Granada\" \/>\n<meta property=\"article:modified_time\" content=\"2025-11-18T13:00:16+00:00\" \/>\n<meta name=\"twitter:card\" content=\"summary_large_image\" \/>\n<meta name=\"twitter:label1\" content=\"Estimated reading time\" \/>\n\t<meta name=\"twitter:data1\" content=\"7 minutes\" \/>\n<script type=\"application\/ld+json\" class=\"yoast-schema-graph\">{\"@context\":\"https:\\\/\\\/schema.org\",\"@graph\":[{\"@type\":\"WebPage\",\"@id\":\"https:\\\/\\\/cheteactivafisiosteo.es\\\/aviso-legal\\\/\",\"url\":\"https:\\\/\\\/cheteactivafisiosteo.es\\\/aviso-legal\\\/\",\"name\":\"Aviso Legal - Che Te Activa | Servicio de Fisioterapia y Osteopatia en Granada\",\"isPartOf\":{\"@id\":\"https:\\\/\\\/cheteactivafisiosteo.es\\\/#website\"},\"datePublished\":\"2025-05-26T10:59:03+00:00\",\"dateModified\":\"2025-11-18T13:00:16+00:00\",\"breadcrumb\":{\"@id\":\"https:\\\/\\\/cheteactivafisiosteo.es\\\/aviso-legal\\\/#breadcrumb\"},\"inLanguage\":\"en-GB\",\"potentialAction\":[{\"@type\":\"ReadAction\",\"target\":[\"https:\\\/\\\/cheteactivafisiosteo.es\\\/aviso-legal\\\/\"]}]},{\"@type\":\"BreadcrumbList\",\"@id\":\"https:\\\/\\\/cheteactivafisiosteo.es\\\/aviso-legal\\\/#breadcrumb\",\"itemListElement\":[{\"@type\":\"ListItem\",\"position\":1,\"name\":\"Portada\",\"item\":\"https:\\\/\\\/cheteactivafisiosteo.es\\\/\"},{\"@type\":\"ListItem\",\"position\":2,\"name\":\"Aviso Legal\"}]},{\"@type\":\"WebSite\",\"@id\":\"https:\\\/\\\/cheteactivafisiosteo.es\\\/#website\",\"url\":\"https:\\\/\\\/cheteactivafisiosteo.es\\\/\",\"name\":\"Che Te Activa | Servicio de Fisioterapia y Osteopatia en Granada\",\"description\":\"Servicio de Fisioterapia y Osteopatia por Che Cuadros\",\"publisher\":{\"@id\":\"https:\\\/\\\/cheteactivafisiosteo.es\\\/#\\\/schema\\\/person\\\/56c8dad74dabefcd523a3a7779e66dd4\"},\"potentialAction\":[{\"@type\":\"SearchAction\",\"target\":{\"@type\":\"EntryPoint\",\"urlTemplate\":\"https:\\\/\\\/cheteactivafisiosteo.es\\\/?s={search_term_string}\"},\"query-input\":{\"@type\":\"PropertyValueSpecification\",\"valueRequired\":true,\"valueName\":\"search_term_string\"}}],\"inLanguage\":\"en-GB\"},{\"@type\":[\"Person\",\"Organization\"],\"@id\":\"https:\\\/\\\/cheteactivafisiosteo.es\\\/#\\\/schema\\\/person\\\/56c8dad74dabefcd523a3a7779e66dd4\",\"name\":\"admin\",\"image\":{\"@type\":\"ImageObject\",\"inLanguage\":\"en-GB\",\"@id\":\"https:\\\/\\\/cheteactivafisiosteo.es\\\/wp-content\\\/uploads\\\/2025\\\/05\\\/cropped-Logo-Che-Te-Activa-Horizontal.png\",\"url\":\"https:\\\/\\\/cheteactivafisiosteo.es\\\/wp-content\\\/uploads\\\/2025\\\/05\\\/cropped-Logo-Che-Te-Activa-Horizontal.png\",\"contentUrl\":\"https:\\\/\\\/cheteactivafisiosteo.es\\\/wp-content\\\/uploads\\\/2025\\\/05\\\/cropped-Logo-Che-Te-Activa-Horizontal.png\",\"width\":933,\"height\":287,\"caption\":\"admin\"},\"logo\":{\"@id\":\"https:\\\/\\\/cheteactivafisiosteo.es\\\/wp-content\\\/uploads\\\/2025\\\/05\\\/cropped-Logo-Che-Te-Activa-Horizontal.png\"},\"sameAs\":[\"https:\\\/\\\/cheteactivafisiosteo.es\"]}]}<\/script>\n<!-- \/ Yoast SEO plugin. -->","yoast_head_json":{"title":"Aviso Legal - Che Te Activa | Servicio de Fisioterapia y Osteopatia en Granada","robots":{"index":"index","follow":"follow","max-snippet":"max-snippet:-1","max-image-preview":"max-image-preview:large","max-video-preview":"max-video-preview:-1"},"canonical":"https:\/\/cheteactivafisiosteo.es\/en\/aviso-legal\/","og_locale":"en_GB","og_type":"article","og_title":"Aviso Legal - Che Te Activa | Servicio de Fisioterapia y Osteopatia en Granada","og_description":"Titularidad del sitio web En cumplimiento de la Ley 34\/2002, de 11 de julio, de Servicios de la Sociedad de [&hellip;]","og_url":"https:\/\/cheteactivafisiosteo.es\/en\/aviso-legal\/","og_site_name":"Che Te Activa | Servicio de Fisioterapia y Osteopatia en Granada","article_modified_time":"2025-11-18T13:00:16+00:00","twitter_card":"summary_large_image","twitter_misc":{"Estimated reading time":"7 minutes"},"schema":{"@context":"https:\/\/schema.org","@graph":[{"@type":"WebPage","@id":"https:\/\/cheteactivafisiosteo.es\/aviso-legal\/","url":"https:\/\/cheteactivafisiosteo.es\/aviso-legal\/","name":"Aviso Legal - Che Te Activa | Servicio de Fisioterapia y Osteopatia en Granada","isPartOf":{"@id":"https:\/\/cheteactivafisiosteo.es\/#website"},"datePublished":"2025-05-26T10:59:03+00:00","dateModified":"2025-11-18T13:00:16+00:00","breadcrumb":{"@id":"https:\/\/cheteactivafisiosteo.es\/aviso-legal\/#breadcrumb"},"inLanguage":"en-GB","potentialAction":[{"@type":"ReadAction","target":["https:\/\/cheteactivafisiosteo.es\/aviso-legal\/"]}]},{"@type":"BreadcrumbList","@id":"https:\/\/cheteactivafisiosteo.es\/aviso-legal\/#breadcrumb","itemListElement":[{"@type":"ListItem","position":1,"name":"Portada","item":"https:\/\/cheteactivafisiosteo.es\/"},{"@type":"ListItem","position":2,"name":"Aviso Legal"}]},{"@type":"WebSite","@id":"https:\/\/cheteactivafisiosteo.es\/#website","url":"https:\/\/cheteactivafisiosteo.es\/","name":"Che Te Activa | Servicio de Fisioterapia y Osteopatia en Granada","description":"Servicio de Fisioterapia y Osteopatia por Che Cuadros","publisher":{"@id":"https:\/\/cheteactivafisiosteo.es\/#\/schema\/person\/56c8dad74dabefcd523a3a7779e66dd4"},"potentialAction":[{"@type":"SearchAction","target":{"@type":"EntryPoint","urlTemplate":"https:\/\/cheteactivafisiosteo.es\/?s={search_term_string}"},"query-input":{"@type":"PropertyValueSpecification","valueRequired":true,"valueName":"search_term_string"}}],"inLanguage":"en-GB"},{"@type":["Person","Organization"],"@id":"https:\/\/cheteactivafisiosteo.es\/#\/schema\/person\/56c8dad74dabefcd523a3a7779e66dd4","name":"admin","image":{"@type":"ImageObject","inLanguage":"en-GB","@id":"https:\/\/cheteactivafisiosteo.es\/wp-content\/uploads\/2025\/05\/cropped-Logo-Che-Te-Activa-Horizontal.png","url":"https:\/\/cheteactivafisiosteo.es\/wp-content\/uploads\/2025\/05\/cropped-Logo-Che-Te-Activa-Horizontal.png","contentUrl":"https:\/\/cheteactivafisiosteo.es\/wp-content\/uploads\/2025\/05\/cropped-Logo-Che-Te-Activa-Horizontal.png","width":933,"height":287,"caption":"admin"},"logo":{"@id":"https:\/\/cheteactivafisiosteo.es\/wp-content\/uploads\/2025\/05\/cropped-Logo-Che-Te-Activa-Horizontal.png"},"sameAs":["https:\/\/cheteactivafisiosteo.es"]}]}},"_links":{"self":[{"href":"https:\/\/cheteactivafisiosteo.es\/en\/wp-json\/wp\/v2\/pages\/436","targetHints":{"allow":["GET"]}}],"collection":[{"href":"https:\/\/cheteactivafisiosteo.es\/en\/wp-json\/wp\/v2\/pages"}],"about":[{"href":"https:\/\/cheteactivafisiosteo.es\/en\/wp-json\/wp\/v2\/types\/page"}],"author":[{"embeddable":true,"href":"https:\/\/cheteactivafisiosteo.es\/en\/wp-json\/wp\/v2\/users\/1"}],"replies":[{"embeddable":true,"href":"https:\/\/cheteactivafisiosteo.es\/en\/wp-json\/wp\/v2\/comments?post=436"}],"version-history":[{"count":8,"href":"https:\/\/cheteactivafisiosteo.es\/en\/wp-json\/wp\/v2\/pages\/436\/revisions"}],"predecessor-version":[{"id":653,"href":"https:\/\/cheteactivafisiosteo.es\/en\/wp-json\/wp\/v2\/pages\/436\/revisions\/653"}],"wp:attachment":[{"href":"https:\/\/cheteactivafisiosteo.es\/en\/wp-json\/wp\/v2\/media?parent=436"}],"curies":[{"name":"wp","href":"https:\/\/api.w.org\/{rel}","templated":true}]}}