{"id":434,"date":"2025-05-26T11:38:21","date_gmt":"2025-05-26T10:38:21","guid":{"rendered":"https:\/\/cheteactivafisiosteo.es\/?page_id=434"},"modified":"2025-11-18T14:10:43","modified_gmt":"2025-11-18T13:10:43","slug":"politica-de-privacidad","status":"publish","type":"page","link":"https:\/\/cheteactivafisiosteo.es\/en\/politica-de-privacidad\/","title":{"rendered":"Pol\u00edtica de privacidad"},"content":{"rendered":"\n<h2 class=\"wp-block-heading\"><strong>Responsable<\/strong><\/h2>\n\n\n\n<p>En cumplimiento con el Reglamento (UE) 2016\/679 del Parlamento Europeo y del Consejo, de 27 de abril de 2016, General de Protecci\u00f3n de Datos (en adelante, RGPD) y la Ley Org\u00e1nica y garant\u00eda de los derechos digitales 3\/2018, de 5 de diciembre, de Protecci\u00f3n de Datos y garant\u00eda de los derechos digitales (en adelante, LOPDGDD), le informamos de lo siguiente.<\/p>\n\n\n\n<p>El Responsable del Tratamiento de los datos de car\u00e1cter personal es;<\/p>\n\n\n\n<p>MAR\u00cdA JOS\u00c9 CUADROS ORTIZ, Nif. 50624535V Direcci\u00f3n. C\/ Camag\u00fcey, Bloque 2 Bajo 3, 18194 Churriana de la Vega (Granada) Tlf. 623 96 83 17 Email. <a href=\"mailto:checuadrosortiz@gmail.com\">checuadrosortiz@gmail.com<\/a>&nbsp;<\/p>\n\n\n\n<p><strong>Datos recopilados y su procedencia<\/strong><\/p>\n\n\n\n<p>Recopilamos y tratamos su informaci\u00f3n personal con car\u00e1cter general para gestionar la relaci\u00f3n que mantenemos con Ud. Estos datos personales incluyen:&nbsp;&nbsp;<\/p>\n\n\n\n<p><strong>Datos de pacientes<\/strong><\/p>\n\n\n\n<ul class=\"wp-block-list\">\n<li>Datos identificativos: nombre y apellidos, Dni\/ Nif\/ Nie\/ Pasaporte, direcci\u00f3n (postal o electr\u00f3nica), n\u00ba de tel\u00e9fono, firma, fotograf\u00edas, videos.<\/li>\n\n\n\n<li>Datos de menores, personas con discapacidad intelectual, padres o tutores legales: nombre y apellidos, Dni\/ Nif\/ Nie\/ Pasaporte, direcci\u00f3n (postal o electr\u00f3nica), n\u00ba de tel\u00e9fono, firma, fotograf\u00edas, videos.<\/li>\n\n\n\n<li>Caracter\u00edsticas personales: fecha de nacimiento, sexo, edad, actividades deportivas que practica.<\/li>\n\n\n\n<li>Datos profesionales: profesi\u00f3n.<\/li>\n\n\n\n<li>Datos de salud: antecedentes m\u00e9dicos, historial cl\u00ednico.<\/li>\n\n\n\n<li>Datos de salud: prescripci\u00f3n m\u00e9dica.<\/li>\n\n\n\n<li>Direcci\u00f3n IP de su ordenador, direcci\u00f3n MAC de su dispositivo m\u00f3vil, Cookies, al visitar la p\u00e1gina web.<\/li>\n<\/ul>\n\n\n\n<p>Procedencia. Los datos pueden provenir del propio interesado o en su caso, del padre, madre o de su representante legal.<\/p>\n\n\n\n<p><strong>\u00bfC\u00f3mo recabamos su informaci\u00f3n?&nbsp;<\/strong><\/p>\n\n\n\n<p>Recabamos su informaci\u00f3n personal a trav\u00e9s de diferentes medios, siempre ser\u00e1 informado en el momento de la recogida mediante cl\u00e1usulas informativas sobre el responsable del tratamiento, la finalidad y la base legal del mismo, los destinatarios de los datos y el periodo de conservaci\u00f3n de su informaci\u00f3n, as\u00ed como la forma en que puede ejercer los derechos que le asisten en materia de protecci\u00f3n de datos.<\/p>\n\n\n\n<p>Derivado de la finalidad del servicio que le prestamos, del que habr\u00e1 sido pertinentemente informado y en su caso, se le habr\u00e1 solicitado consentimiento para uno o varios fines espec\u00edficos.<\/p>\n\n\n\n<p><strong>MAR\u00cdA JOS\u00c9 CUADROS ORTIZ<\/strong> utiliza redes sociales, esta es otra forma de llegar a usted. La informaci\u00f3n recogida a trav\u00e9s de los mensajes y comunicaciones que publica puede contener informaci\u00f3n personal que se encuentra disponible online y accesible al p\u00fablico. Estas redes sociales cuentan con sus propias pol\u00edticas de privacidad donde se explica c\u00f3mo utilizan, comparten su informaci\u00f3n y gestionan la publicidad, por lo que <strong>MAR\u00cdA JOS\u00c9 CUADROS ORTIZ<\/strong> le recomienda que las consulte antes de hacer uso de estas para confirmar que est\u00e1 de acuerdo con la forma en que su informaci\u00f3n es recogida, tratada y compartida.<\/p>\n\n\n\n<p>A trav\u00e9s de nuestra p\u00e1gina web recabamos informaci\u00f3n personal cuando solicita realizarnos alguna consulta, as\u00ed como relacionada con su navegaci\u00f3n a trav\u00e9s del uso de cookies. Para conocer de manera clara y precisa las cookies que utilizamos, cu\u00e1les son sus finalidades y c\u00f3mo puede configurarlas o deshabilitarlas, consulte nuestra Pol\u00edtica de Cookies.<\/p>\n\n\n\n<p><strong>Responsabilidad del usuario&nbsp;<\/strong><\/p>\n\n\n\n<p>Al facilitarnos sus datos a trav\u00e9s de canales electr\u00f3nicos, el usuario garantiza que es mayor de 14 a\u00f1os y que los datos facilitados a <strong>MAR\u00cdA JOS\u00c9 CUADROS ORTIZ<\/strong> son verdaderos, exactos, completos y actualizados. A estos efectos, el usuario confirma que responde de la veracidad de los datos comunicados y que mantendr\u00e1 convenientemente actualizada dicha informaci\u00f3n de modo que responda a su situaci\u00f3n real, haci\u00e9ndose responsable de los datos falsos e inexactos que pudiera proporcionar, as\u00ed como de los da\u00f1os y perjuicios, directos o indirectos, que pudieran derivarse.<\/p>\n\n\n\n<p><strong>Finalidad del tratamiento<\/strong><\/p>\n\n\n\n<p>La recogida y tratamiento de los datos personales del usuario responden, seg\u00fan el caso concreto:<\/p>\n\n\n\n<p><strong>Datos de pacientes<\/strong><\/p>\n\n\n\n<ul class=\"wp-block-list\">\n<li>Gesti\u00f3n de los datos de los tratamientos de fisioterapia, as\u00ed como las gestiones derivadas de la prestaci\u00f3n asistencial.<\/li>\n\n\n\n<li>Para la publicaci\u00f3n de fotograf\u00edas y videos de su proceso cl\u00ednico en las redes sociales y p\u00e1gina web corporativa con la finalidad de mostrar a los usuarios el resultado obtenido en el tratamiento.<\/li>\n\n\n\n<li>Para la publicaci\u00f3n de sus fotograf\u00edas y videos en las redes sociales y p\u00e1gina web corporativa para mostrar a los usuarios los servicios que realizamos con fines meramente divulgativos del centro.<\/li>\n\n\n\n<li>Gesti\u00f3n de plataformas sociales titularidad o asociadas a <a href=\"http:\/\/www.cheteactivafisiosteo.es\">www.cheteactivafisiosteo.es<\/a><\/li>\n\n\n\n<li>Necesarios para poder continuar prestando el servicio de comunicaci\u00f3n.<\/li>\n\n\n\n<li>An\u00e1lisis estad\u00edsticos y perfiles en virtud de la navegaci\u00f3n o intereses respecto a los contenidos, en aras a poder mejorar el servicio.<\/li>\n\n\n\n<li>Contacto, resolver incidencias, gestionar consultas asociadas al servicio o a cualquier otra situaci\u00f3n an\u00e1loga en relaci\u00f3n con los servicios ofrecidos por <strong>MAR\u00cdA JOS\u00c9 CUADROS ORTIZ<\/strong>.<\/li>\n<\/ul>\n\n\n\n<p><strong>Plazo de conservaci\u00f3n<\/strong><\/p>\n\n\n\n<p>Los datos se conservar\u00e1n durante el tiempo necesario para cumplir con la finalidad para la que se recabaron, durante los a\u00f1os necesarios para cumplir con las obligaciones legales y para determinar las posibles responsabilidades que se pudieran derivar. Siendo bloqueados y, en su caso limitados, pudiendo ponerlos a disposici\u00f3n de las autoridades competentes.<\/p>\n\n\n\n<p>En todo caso, y por regla general, mantendremos su informaci\u00f3n personal mientras exista una relaci\u00f3n que nos vincule o usted no ejerza su derecho de supresi\u00f3n y\/o limitaci\u00f3n del tratamiento, en cuyo caso, la informaci\u00f3n ser\u00e1 bloqueada sin darle uso m\u00e1s all\u00e1 de su conservaci\u00f3n, mientras pueda ser necesaria para el ejercicio o defensa de reclamaciones o pudiera derivarse alg\u00fan tipo de responsabilidad que tuviera que ser atendida.<\/p>\n\n\n\n<p><strong>Legitimaci\u00f3n<\/strong><\/p>\n\n\n\n<p><strong>MAR\u00cdA JOS\u00c9 CUADROS ORTIZ<\/strong> est\u00e1 legitimado al tratamiento de datos personales, para uno o varios fines espec\u00edficos seg\u00fan establece el RGPD:<\/p>\n\n\n\n<p>Art\u00edculo 6.1.a) RGPD, el interesado dio su consentimiento para el tratamiento de sus datos personales para uno o varios fines espec\u00edficos.<\/p>\n\n\n\n<ul class=\"wp-block-list\">\n<li>Consentimiento inequ\u00edvoco en base a las preferencias y finalidades.<\/li>\n\n\n\n<li>En base al consentimiento otorgado por el interesado mediante la firma o aceptaci\u00f3n de los pertinentes formularios. Si es usuario de nuestra web, mediante la marcaci\u00f3n de la casilla que figura en el formulario de contacto, nos autoriza a que le remitamos las comunicaciones necesarias para dar respuesta a la consulta o solicitud de informaci\u00f3n planteada.<\/li>\n<\/ul>\n\n\n\n<p>Art\u00edculo 6.1.f) Inter\u00e9s leg\u00edtimo para atender a las consultas y reclamaciones que nos plantee y para gestionar el cobro de las cantidades adeudadas.&nbsp;<\/p>\n\n\n\n<p><strong>Exactitud de los datos<\/strong><\/p>\n\n\n\n<p>Toda la informaci\u00f3n que facilite el usuario deber\u00e1 ser veraz. A estos efectos, el usuario garantiza la autenticidad de todos aquellos datos que comunique como consecuencia de la cumplimentaci\u00f3n de los formularios. De igual forma, ser\u00e1 responsabilidad del usuario mantener toda la informaci\u00f3n facilitada a <strong>MAR\u00cdA JOS\u00c9 CUADROS ORTIZ<\/strong> permanentemente actualizada de forma que responda, en cada momento, a la situaci\u00f3n real del usuario. En todo caso el usuario ser\u00e1 el \u00fanico responsable de las manifestaciones falsas o inexactas que realice y de los perjuicios que cause a <strong>MAR\u00cdA JOS\u00c9 CUADROS ORTIZ<\/strong><\/p>\n\n\n\n<p><strong>Destinatarios<\/strong><\/p>\n\n\n\n<p>Los datos identificativos (no de salud) de pacientes podr\u00e1n ser cedidos a la gestor\u00eda con fines fiscales cuando solicite una factura.<\/p>\n\n\n\n<p>Solo se ceder\u00e1n en los casos necesarios para el desarrollo, control y cumplimiento de la finalidad\/ es expresada\/ s, en los supuestos previstos seg\u00fan Ley.<\/p>\n\n\n\n<p>No existen transferencias internacionales de sus datos a pa\u00edses fuera del Espacio Econ\u00f3mico Europeo (EEE).<\/p>\n\n\n\n<p>Asimismo, su informaci\u00f3n personal estar\u00e1 a disposici\u00f3n de las Administraciones P\u00fablicas, Jueces y Tribunales, para la atenci\u00f3n de posibles responsabilidades nacidas del tratamiento.<\/p>\n\n\n\n<p><strong>Derechos de los usuarios<\/strong><\/p>\n\n\n\n<p>Le informamos que puede ejercer sus derechos de <strong>acceso<\/strong> (a solicitar el acceso a los datos personales y a determinada informaci\u00f3n sobre el tratamiento, fines, categor\u00eda de datos tratados y destinatarios, entre otros aspectos), <strong>rectificaci\u00f3n<\/strong> (rectificaci\u00f3n de datos inexactos), <strong>supresi\u00f3n<\/strong> (supresi\u00f3n de los mismos cuando, entre otros motivos, \u00e9stos ya no sean necesarios para los fines para los que fueron recogidos), <strong>oposici\u00f3n<\/strong> (tiene derecho a oponerse al tratamiento de sus datos, en cualquier momento, por motivos relacionados con su situaci\u00f3n particular), <strong>limitaci\u00f3n <\/strong>del tratamiento (limitaci\u00f3n de sus datos personales, siendo \u00e9stos \u00fanicamente tratados para el ejercicio o la defensa de reclamaciones, <strong>revocaci\u00f3n<\/strong> del consentimiento (revocar el consentimiento prestado en cualquier momento) y <strong>portabilidad <\/strong>de los datos (recibir los datos personales en un formato estructurado, de uso com\u00fan y lectura mec\u00e1nica, y a transmitirlos a otro responsable del tratamiento sin que el responsable al que se los hubiera facilitado se lo impida, en los supuestos legales previstos a estos efectos) acreditando su identidad en C\/ Camag\u00fcey, Bloque 2 Bajo 3, 18194 Churriana de la Vega (Granada). Cuando no haya obtenido satisfacci\u00f3n en el ejercicio de sus derechos, tiene derecho a presentar reclamaci\u00f3n ante la Agencia Espa\u00f1ola de Protecci\u00f3n de Datos, cuyos datos de contacto son los siguientes: C\/ Jorge Juan, 6 &#8211; 28001 Madrid Tel\u00e9fonos: 901 10 00 99\/ 912 66 35 17.&nbsp;<\/p>\n\n\n\n<p><strong>Medidas de seguridad<\/strong><\/p>\n\n\n\n<p>Finalmente se informa que <strong>MAR\u00cdA JOS\u00c9 CUADROS ORTIZ<\/strong>, adoptar\u00e1 en su sistema de informaci\u00f3n las medidas f\u00edsicas, t\u00e9cnicas y organizativas, razonablemente fiables y efectivos, adecuadas, dando cumplimiento al principio de responsabilidad proactiva, a fin de garantizar la seguridad y confidencialidad de los datos almacenados, evitando as\u00ed, su alteraci\u00f3n, p\u00e9rdida, tratamiento o acceso no autorizado y robo de estos.&nbsp;<\/p>\n\n\n\n<p>Adem\u00e1s, todo el personal con acceso a los datos personales ha sido formado y tiene conocimiento de sus obligaciones con relaci\u00f3n a los tratamientos de sus datos personales.<\/p>\n\n\n\n<p>En el caso de los contratos que suscribimos con nuestros proveedores incluimos cl\u00e1usulas en las que se les exige mantener el deber de secreto respecto a los datos de car\u00e1cter personal a los que hayan tenido acceso en virtud del encargo realizado, as\u00ed como implantar las medidas de seguridad t\u00e9cnicas y organizativas necesarias para garantizar la confidencialidad, integridad, disponibilidad y resiliencia permanentes de los sistemas y servicios de tratamiento de los datos personales.<\/p>\n\n\n\n<p>Todas estas medidas de seguridad son revisadas de forma peri\u00f3dica para garantizar su adecuaci\u00f3n y efectividad. Sin embargo, la seguridad absoluta no se puede garantizar y no existe ning\u00fan sistema de seguridad que sea impenetrable por lo que, en el caso de cualquier informaci\u00f3n objeto de tratamiento y bajo nuestro control se viese comprometida como consecuencia de una brecha de seguridad, tomaremos las medidas adecuadas para investigar el incidente, notificarlo a la Autoridad de Control y, en su caso, a aquellos usuarios que se hubieran podido ver afectados para que tomen las medidas adecuadas.&nbsp;<\/p>\n\n\n\n<p>Se informa que el sitio <a href=\"http:\/\/www.cheteactivafisiosteo.es\">www.cheteactivafisiosteo.es<\/a> no est\u00e1 adherido a ning\u00fan c\u00f3digo de conducta, tanto propio como ajeno. En lo sucesivo, esta adhesi\u00f3n podr\u00e1 ser modificada por voluntad propia de <strong>MAR\u00cdA JOS\u00c9 CUADROS ORTIZ<\/strong> sin mediar comunicaci\u00f3n expresa por escrito con sus usuarios.<\/p>\n\n\n\n<p>La presente Pol\u00edtica de Privacidad puede ser modificada atendiendo escrupulosamente tanto posibles cambios legislativos que se produzcan, como a las directrices emanadas de la Agencia Espa\u00f1ola de Protecci\u00f3n de Datos.<\/p>\n\n\n\n<p>\u00daltima revisi\u00f3n [1] realizada el 14 de noviembre de 2025<\/p>\n\n\n\n<p><\/p>\n","protected":false},"excerpt":{"rendered":"<p>Responsable En cumplimiento con el Reglamento (UE) 2016\/679 del Parlamento Europeo y del Consejo, de 27 de abril de 2016, [&hellip;]<\/p>\n","protected":false},"author":1,"featured_media":0,"parent":0,"menu_order":0,"comment_status":"closed","ping_status":"closed","template":"","meta":{"site-sidebar-layout":"default","site-content-layout":"","ast-site-content-layout":"default","site-content-style":"default","site-sidebar-style":"default","ast-global-header-display":"","ast-banner-title-visibility":"","ast-main-header-display":"","ast-hfb-above-header-display":"","ast-hfb-below-header-display":"","ast-hfb-mobile-header-display":"","site-post-title":"","ast-breadcrumbs-content":"","ast-featured-img":"","footer-sml-layout":"","ast-disable-related-posts":"","theme-transparent-header-meta":"","adv-header-id-meta":"","stick-header-meta":"","header-above-stick-meta":"","header-main-stick-meta":"","header-below-stick-meta":"","astra-migrate-meta-layouts":"default","ast-page-background-enabled":"default","ast-page-background-meta":{"desktop":{"background-color":"var(--ast-global-color-5)","background-image":"","background-repeat":"repeat","background-position":"center center","background-size":"auto","background-attachment":"scroll","background-type":"","background-media":"","overlay-type":"","overlay-color":"","overlay-opacity":"","overlay-gradient":""},"tablet":{"background-color":"","background-image":"","background-repeat":"repeat","background-position":"center center","background-size":"auto","background-attachment":"scroll","background-type":"","background-media":"","overlay-type":"","overlay-color":"","overlay-opacity":"","overlay-gradient":""},"mobile":{"background-color":"","background-image":"","background-repeat":"repeat","background-position":"center center","background-size":"auto","background-attachment":"scroll","background-type":"","background-media":"","overlay-type":"","overlay-color":"","overlay-opacity":"","overlay-gradient":""}},"ast-content-background-meta":{"desktop":{"background-color":"var(--ast-global-color-4)","background-image":"","background-repeat":"repeat","background-position":"center center","background-size":"auto","background-attachment":"scroll","background-type":"","background-media":"","overlay-type":"","overlay-color":"","overlay-opacity":"","overlay-gradient":""},"tablet":{"background-color":"var(--ast-global-color-4)","background-image":"","background-repeat":"repeat","background-position":"center center","background-size":"auto","background-attachment":"scroll","background-type":"","background-media":"","overlay-type":"","overlay-color":"","overlay-opacity":"","overlay-gradient":""},"mobile":{"background-color":"var(--ast-global-color-4)","background-image":"","background-repeat":"repeat","background-position":"center center","background-size":"auto","background-attachment":"scroll","background-type":"","background-media":"","overlay-type":"","overlay-color":"","overlay-opacity":"","overlay-gradient":""}},"_joinchat":[],"footnotes":""},"class_list":["post-434","page","type-page","status-publish","hentry"],"yoast_head":"<!-- This site is optimized with the Yoast SEO plugin v27.4 - https:\/\/yoast.com\/product\/yoast-seo-wordpress\/ -->\n<title>Pol\u00edtica de privacidad - Che Te Activa | Servicio de Fisioterapia y Osteopatia en Granada<\/title>\n<meta name=\"robots\" content=\"index, follow, max-snippet:-1, max-image-preview:large, max-video-preview:-1\" \/>\n<link rel=\"canonical\" href=\"https:\/\/cheteactivafisiosteo.es\/en\/politica-de-privacidad\/\" \/>\n<meta property=\"og:locale\" content=\"en_GB\" \/>\n<meta property=\"og:type\" content=\"article\" \/>\n<meta property=\"og:title\" content=\"Pol\u00edtica de privacidad - Che Te Activa | Servicio de Fisioterapia y Osteopatia en Granada\" \/>\n<meta property=\"og:description\" content=\"Responsable En cumplimiento con el Reglamento (UE) 2016\/679 del Parlamento Europeo y del Consejo, de 27 de abril de 2016, [&hellip;]\" \/>\n<meta property=\"og:url\" content=\"https:\/\/cheteactivafisiosteo.es\/en\/politica-de-privacidad\/\" \/>\n<meta property=\"og:site_name\" content=\"Che Te Activa | Servicio de Fisioterapia y Osteopatia en Granada\" \/>\n<meta property=\"article:modified_time\" content=\"2025-11-18T13:10:43+00:00\" \/>\n<meta name=\"twitter:card\" content=\"summary_large_image\" \/>\n<meta name=\"twitter:label1\" content=\"Estimated reading time\" \/>\n\t<meta name=\"twitter:data1\" content=\"9 minutes\" \/>\n<script type=\"application\/ld+json\" class=\"yoast-schema-graph\">{\"@context\":\"https:\\\/\\\/schema.org\",\"@graph\":[{\"@type\":\"WebPage\",\"@id\":\"https:\\\/\\\/cheteactivafisiosteo.es\\\/politica-de-privacidad\\\/\",\"url\":\"https:\\\/\\\/cheteactivafisiosteo.es\\\/politica-de-privacidad\\\/\",\"name\":\"Pol\u00edtica de privacidad - Che Te Activa | Servicio de Fisioterapia y Osteopatia en Granada\",\"isPartOf\":{\"@id\":\"https:\\\/\\\/cheteactivafisiosteo.es\\\/#website\"},\"datePublished\":\"2025-05-26T10:38:21+00:00\",\"dateModified\":\"2025-11-18T13:10:43+00:00\",\"breadcrumb\":{\"@id\":\"https:\\\/\\\/cheteactivafisiosteo.es\\\/politica-de-privacidad\\\/#breadcrumb\"},\"inLanguage\":\"en-GB\",\"potentialAction\":[{\"@type\":\"ReadAction\",\"target\":[\"https:\\\/\\\/cheteactivafisiosteo.es\\\/politica-de-privacidad\\\/\"]}]},{\"@type\":\"BreadcrumbList\",\"@id\":\"https:\\\/\\\/cheteactivafisiosteo.es\\\/politica-de-privacidad\\\/#breadcrumb\",\"itemListElement\":[{\"@type\":\"ListItem\",\"position\":1,\"name\":\"Portada\",\"item\":\"https:\\\/\\\/cheteactivafisiosteo.es\\\/\"},{\"@type\":\"ListItem\",\"position\":2,\"name\":\"Pol\u00edtica de privacidad\"}]},{\"@type\":\"WebSite\",\"@id\":\"https:\\\/\\\/cheteactivafisiosteo.es\\\/#website\",\"url\":\"https:\\\/\\\/cheteactivafisiosteo.es\\\/\",\"name\":\"Che Te Activa | Servicio de Fisioterapia y Osteopatia en Granada\",\"description\":\"Servicio de Fisioterapia y Osteopatia por Che Cuadros\",\"publisher\":{\"@id\":\"https:\\\/\\\/cheteactivafisiosteo.es\\\/#\\\/schema\\\/person\\\/56c8dad74dabefcd523a3a7779e66dd4\"},\"potentialAction\":[{\"@type\":\"SearchAction\",\"target\":{\"@type\":\"EntryPoint\",\"urlTemplate\":\"https:\\\/\\\/cheteactivafisiosteo.es\\\/?s={search_term_string}\"},\"query-input\":{\"@type\":\"PropertyValueSpecification\",\"valueRequired\":true,\"valueName\":\"search_term_string\"}}],\"inLanguage\":\"en-GB\"},{\"@type\":[\"Person\",\"Organization\"],\"@id\":\"https:\\\/\\\/cheteactivafisiosteo.es\\\/#\\\/schema\\\/person\\\/56c8dad74dabefcd523a3a7779e66dd4\",\"name\":\"admin\",\"image\":{\"@type\":\"ImageObject\",\"inLanguage\":\"en-GB\",\"@id\":\"https:\\\/\\\/cheteactivafisiosteo.es\\\/wp-content\\\/uploads\\\/2025\\\/05\\\/cropped-Logo-Che-Te-Activa-Horizontal.png\",\"url\":\"https:\\\/\\\/cheteactivafisiosteo.es\\\/wp-content\\\/uploads\\\/2025\\\/05\\\/cropped-Logo-Che-Te-Activa-Horizontal.png\",\"contentUrl\":\"https:\\\/\\\/cheteactivafisiosteo.es\\\/wp-content\\\/uploads\\\/2025\\\/05\\\/cropped-Logo-Che-Te-Activa-Horizontal.png\",\"width\":933,\"height\":287,\"caption\":\"admin\"},\"logo\":{\"@id\":\"https:\\\/\\\/cheteactivafisiosteo.es\\\/wp-content\\\/uploads\\\/2025\\\/05\\\/cropped-Logo-Che-Te-Activa-Horizontal.png\"},\"sameAs\":[\"https:\\\/\\\/cheteactivafisiosteo.es\"]}]}<\/script>\n<!-- \/ Yoast SEO plugin. -->","yoast_head_json":{"title":"Pol\u00edtica de privacidad - Che Te Activa | Servicio de Fisioterapia y Osteopatia en Granada","robots":{"index":"index","follow":"follow","max-snippet":"max-snippet:-1","max-image-preview":"max-image-preview:large","max-video-preview":"max-video-preview:-1"},"canonical":"https:\/\/cheteactivafisiosteo.es\/en\/politica-de-privacidad\/","og_locale":"en_GB","og_type":"article","og_title":"Pol\u00edtica de privacidad - Che Te Activa | Servicio de Fisioterapia y Osteopatia en Granada","og_description":"Responsable En cumplimiento con el Reglamento (UE) 2016\/679 del Parlamento Europeo y del Consejo, de 27 de abril de 2016, [&hellip;]","og_url":"https:\/\/cheteactivafisiosteo.es\/en\/politica-de-privacidad\/","og_site_name":"Che Te Activa | Servicio de Fisioterapia y Osteopatia en Granada","article_modified_time":"2025-11-18T13:10:43+00:00","twitter_card":"summary_large_image","twitter_misc":{"Estimated reading time":"9 minutes"},"schema":{"@context":"https:\/\/schema.org","@graph":[{"@type":"WebPage","@id":"https:\/\/cheteactivafisiosteo.es\/politica-de-privacidad\/","url":"https:\/\/cheteactivafisiosteo.es\/politica-de-privacidad\/","name":"Pol\u00edtica de privacidad - Che Te Activa | Servicio de Fisioterapia y Osteopatia en Granada","isPartOf":{"@id":"https:\/\/cheteactivafisiosteo.es\/#website"},"datePublished":"2025-05-26T10:38:21+00:00","dateModified":"2025-11-18T13:10:43+00:00","breadcrumb":{"@id":"https:\/\/cheteactivafisiosteo.es\/politica-de-privacidad\/#breadcrumb"},"inLanguage":"en-GB","potentialAction":[{"@type":"ReadAction","target":["https:\/\/cheteactivafisiosteo.es\/politica-de-privacidad\/"]}]},{"@type":"BreadcrumbList","@id":"https:\/\/cheteactivafisiosteo.es\/politica-de-privacidad\/#breadcrumb","itemListElement":[{"@type":"ListItem","position":1,"name":"Portada","item":"https:\/\/cheteactivafisiosteo.es\/"},{"@type":"ListItem","position":2,"name":"Pol\u00edtica de privacidad"}]},{"@type":"WebSite","@id":"https:\/\/cheteactivafisiosteo.es\/#website","url":"https:\/\/cheteactivafisiosteo.es\/","name":"Che Te Activa | Servicio de Fisioterapia y Osteopatia en Granada","description":"Servicio de Fisioterapia y Osteopatia por Che Cuadros","publisher":{"@id":"https:\/\/cheteactivafisiosteo.es\/#\/schema\/person\/56c8dad74dabefcd523a3a7779e66dd4"},"potentialAction":[{"@type":"SearchAction","target":{"@type":"EntryPoint","urlTemplate":"https:\/\/cheteactivafisiosteo.es\/?s={search_term_string}"},"query-input":{"@type":"PropertyValueSpecification","valueRequired":true,"valueName":"search_term_string"}}],"inLanguage":"en-GB"},{"@type":["Person","Organization"],"@id":"https:\/\/cheteactivafisiosteo.es\/#\/schema\/person\/56c8dad74dabefcd523a3a7779e66dd4","name":"admin","image":{"@type":"ImageObject","inLanguage":"en-GB","@id":"https:\/\/cheteactivafisiosteo.es\/wp-content\/uploads\/2025\/05\/cropped-Logo-Che-Te-Activa-Horizontal.png","url":"https:\/\/cheteactivafisiosteo.es\/wp-content\/uploads\/2025\/05\/cropped-Logo-Che-Te-Activa-Horizontal.png","contentUrl":"https:\/\/cheteactivafisiosteo.es\/wp-content\/uploads\/2025\/05\/cropped-Logo-Che-Te-Activa-Horizontal.png","width":933,"height":287,"caption":"admin"},"logo":{"@id":"https:\/\/cheteactivafisiosteo.es\/wp-content\/uploads\/2025\/05\/cropped-Logo-Che-Te-Activa-Horizontal.png"},"sameAs":["https:\/\/cheteactivafisiosteo.es"]}]}},"_links":{"self":[{"href":"https:\/\/cheteactivafisiosteo.es\/en\/wp-json\/wp\/v2\/pages\/434","targetHints":{"allow":["GET"]}}],"collection":[{"href":"https:\/\/cheteactivafisiosteo.es\/en\/wp-json\/wp\/v2\/pages"}],"about":[{"href":"https:\/\/cheteactivafisiosteo.es\/en\/wp-json\/wp\/v2\/types\/page"}],"author":[{"embeddable":true,"href":"https:\/\/cheteactivafisiosteo.es\/en\/wp-json\/wp\/v2\/users\/1"}],"replies":[{"embeddable":true,"href":"https:\/\/cheteactivafisiosteo.es\/en\/wp-json\/wp\/v2\/comments?post=434"}],"version-history":[{"count":3,"href":"https:\/\/cheteactivafisiosteo.es\/en\/wp-json\/wp\/v2\/pages\/434\/revisions"}],"predecessor-version":[{"id":654,"href":"https:\/\/cheteactivafisiosteo.es\/en\/wp-json\/wp\/v2\/pages\/434\/revisions\/654"}],"wp:attachment":[{"href":"https:\/\/cheteactivafisiosteo.es\/en\/wp-json\/wp\/v2\/media?parent=434"}],"curies":[{"name":"wp","href":"https:\/\/api.w.org\/{rel}","templated":true}]}}